{"id":5224,"date":"2023-04-14T08:18:41","date_gmt":"2023-04-14T01:18:41","guid":{"rendered":"https:\/\/amiguworld.com\/?page_id=5224"},"modified":"2023-04-14T08:18:41","modified_gmt":"2023-04-14T01:18:41","slug":"videos","status":"publish","type":"page","link":"https:\/\/amibuzz.com\/vi\/videos\/","title":{"rendered":"Videos"},"content":{"rendered":"","protected":false},"excerpt":{"rendered":"","protected":false},"author":2,"featured_media":0,"parent":0,"menu_order":0,"comment_status":"closed","ping_status":"closed","template":"page-video.php","meta":{"footnotes":""},"class_list":["post-5224","page","type-page","status-publish","hentry"],"yoast_head":"<!-- This site is optimized with the Yoast SEO plugin v27.4 - https:\/\/yoast.com\/product\/yoast-seo-wordpress\/ -->\n<title>Videos<\/title>\n<meta name=\"robots\" content=\"index, follow, max-snippet:-1, max-image-preview:large, max-video-preview:-1\" \/>\n<link rel=\"canonical\" href=\"https:\/\/amibuzz.com\/vi\/videos\/\" \/>\n<meta property=\"og:locale\" content=\"vi_VN\" \/>\n<meta property=\"og:type\" content=\"article\" \/>\n<meta property=\"og:title\" content=\"Videos\" \/>\n<meta property=\"og:url\" content=\"https:\/\/amibuzz.com\/vi\/videos\/\" \/>\n<meta property=\"og:site_name\" content=\"Amibuzz\" \/>\n<meta property=\"article:publisher\" content=\"https:\/\/www.facebook.com\/amibuzzpage\" \/>\n<meta property=\"og:image\" content=\"https:\/\/amiguw.sgp1.digitaloceanspaces.com\/amibuzz\/2024\/10\/amibuzzlogo.png\" \/>\n\t<meta property=\"og:image:width\" content=\"777\" \/>\n\t<meta property=\"og:image:height\" content=\"719\" \/>\n\t<meta property=\"og:image:type\" content=\"image\/png\" \/>\n<meta name=\"twitter:card\" content=\"summary_large_image\" \/>\n<meta name=\"twitter:site\" content=\"@AmiBuzz\" \/>\n<script type=\"application\/ld+json\" class=\"yoast-schema-graph\">{\"@context\":\"https:\\\/\\\/schema.org\",\"@graph\":[{\"@type\":\"WebPage\",\"@id\":\"https:\\\/\\\/amibuzz.com\\\/vi\\\/videos\\\/\",\"url\":\"https:\\\/\\\/amibuzz.com\\\/vi\\\/videos\\\/\",\"name\":\"Videos\",\"isPartOf\":{\"@id\":\"https:\\\/\\\/amibuzz.com\\\/vi\\\/#website\"},\"datePublished\":\"2023-04-14T01:18:41+00:00\",\"breadcrumb\":{\"@id\":\"https:\\\/\\\/amibuzz.com\\\/vi\\\/videos\\\/#breadcrumb\"},\"inLanguage\":\"vi\",\"potentialAction\":[{\"@type\":\"ReadAction\",\"target\":[[\"https:\\\/\\\/amibuzz.com\\\/vi\\\/videos\\\/\"]]}]},{\"@type\":\"BreadcrumbList\",\"@id\":\"https:\\\/\\\/amibuzz.com\\\/vi\\\/videos\\\/#breadcrumb\",\"itemListElement\":[{\"@type\":\"ListItem\",\"position\":1,\"name\":\"Home\",\"item\":\"https:\\\/\\\/amibuzz.com\\\/vi\\\/\"},{\"@type\":\"ListItem\",\"position\":2,\"name\":\"Videos\"}]},{\"@type\":\"WebSite\",\"@id\":\"https:\\\/\\\/amibuzz.com\\\/vi\\\/#website\",\"url\":\"https:\\\/\\\/amibuzz.com\\\/vi\\\/\",\"name\":\"AmiBuzz\",\"description\":\"Ch\u00e0o m\u1eebng \u0111\u1ebfn v\u1edbi AmiBuzz \u2013 th\u1ebf gi\u1edbi s\u00e1ng t\u1ea1o d\u00e0nh cho ng\u01b0\u1eddi y\u00eau amigurumi! D\u00f9 b\u1ea1n m\u1edbi b\u1eaft \u0111\u1ea7u hay \u0111\u00e3 th\u00e0nh th\u1ea1o, h\u00e3y kh\u00e1m ph\u00e1 nh\u1eefng m\u1eabu m\u00f3c \u0111\u1ed9c \u0111\u00e1o mang l\u1ea1i ni\u1ec1m vui v\u00e0 c\u1ea3m h\u1ee9ng m\u1ed7i ng\u00e0y.\",\"publisher\":{\"@id\":\"https:\\\/\\\/amibuzz.com\\\/vi\\\/#organization\"},\"alternateName\":\"AmiBuzz\",\"potentialAction\":[{\"@type\":\"SearchAction\",\"target\":{\"@type\":\"EntryPoint\",\"urlTemplate\":\"https:\\\/\\\/amibuzz.com\\\/vi\\\/?s={search_term_string}\"},\"query-input\":{\"@type\":\"PropertyValueSpecification\",\"valueRequired\":true,\"valueName\":\"search_term_string\"}}],\"inLanguage\":\"vi\"},{\"@type\":\"Organization\",\"@id\":\"https:\\\/\\\/amibuzz.com\\\/vi\\\/#organization\",\"name\":\"AmiBuzz\",\"alternateName\":\"AmiBuzz\",\"url\":\"https:\\\/\\\/amibuzz.com\\\/vi\\\/\",\"logo\":{\"@type\":\"ImageObject\",\"inLanguage\":\"vi\",\"@id\":\"https:\\\/\\\/amibuzz.com\\\/vi\\\/#\\\/schema\\\/logo\\\/image\\\/\",\"url\":\"https:\\\/\\\/amiguw.sgp1.digitaloceanspaces.com\\\/amibuzz\\\/2024\\\/10\\\/amibuzzlogo.png\",\"contentUrl\":\"https:\\\/\\\/amiguw.sgp1.digitaloceanspaces.com\\\/amibuzz\\\/2024\\\/10\\\/amibuzzlogo.png\",\"width\":777,\"height\":719,\"caption\":\"AmiBuzz\"},\"image\":{\"@id\":\"https:\\\/\\\/amibuzz.com\\\/vi\\\/#\\\/schema\\\/logo\\\/image\\\/\"},\"sameAs\":[\"https:\\\/\\\/www.facebook.com\\\/amibuzzpage\",\"https:\\\/\\\/x.com\\\/AmiBuzz\",\"https:\\\/\\\/www.instagram.com\\\/amiguworld\\\/\",\"https:\\\/\\\/www.pinterest.com\\\/Amiguworld\\\/\",\"https:\\\/\\\/www.youtube.com\\\/channel\\\/UC3D7CcUbt_EMslqG0dEoesA\"]}]}<\/script>\n<!-- \/ Yoast SEO plugin. -->","yoast_head_json":{"title":"Videos","robots":{"index":"index","follow":"follow","max-snippet":"max-snippet:-1","max-image-preview":"max-image-preview:large","max-video-preview":"max-video-preview:-1"},"canonical":"https:\/\/amibuzz.com\/vi\/videos\/","og_locale":"vi_VN","og_type":"article","og_title":"Videos","og_url":"https:\/\/amibuzz.com\/vi\/videos\/","og_site_name":"Amibuzz","article_publisher":"https:\/\/www.facebook.com\/amibuzzpage","og_image":[{"url":"https:\/\/amiguw.sgp1.digitaloceanspaces.com\/amibuzz\/2024\/10\/amibuzzlogo.png","width":777,"height":719,"type":"image\/png"}],"twitter_card":"summary_large_image","twitter_site":"@AmiBuzz","schema":{"@context":"https:\/\/schema.org","@graph":[{"@type":"WebPage","@id":"https:\/\/amibuzz.com\/vi\/videos\/","url":"https:\/\/amibuzz.com\/vi\/videos\/","name":"Videos","isPartOf":{"@id":"https:\/\/amibuzz.com\/vi\/#website"},"datePublished":"2023-04-14T01:18:41+00:00","breadcrumb":{"@id":"https:\/\/amibuzz.com\/vi\/videos\/#breadcrumb"},"inLanguage":"vi","potentialAction":[{"@type":"ReadAction","target":[["https:\/\/amibuzz.com\/vi\/videos\/"]]}]},{"@type":"BreadcrumbList","@id":"https:\/\/amibuzz.com\/vi\/videos\/#breadcrumb","itemListElement":[{"@type":"ListItem","position":1,"name":"Home","item":"https:\/\/amibuzz.com\/vi\/"},{"@type":"ListItem","position":2,"name":"Videos"}]},{"@type":"WebSite","@id":"https:\/\/amibuzz.com\/vi\/#website","url":"https:\/\/amibuzz.com\/vi\/","name":"AmiBuzz","description":"Ch\u00e0o m\u1eebng \u0111\u1ebfn v\u1edbi AmiBuzz \u2013 th\u1ebf gi\u1edbi s\u00e1ng t\u1ea1o d\u00e0nh cho ng\u01b0\u1eddi y\u00eau amigurumi! D\u00f9 b\u1ea1n m\u1edbi b\u1eaft \u0111\u1ea7u hay \u0111\u00e3 th\u00e0nh th\u1ea1o, h\u00e3y kh\u00e1m ph\u00e1 nh\u1eefng m\u1eabu m\u00f3c \u0111\u1ed9c \u0111\u00e1o mang l\u1ea1i ni\u1ec1m vui v\u00e0 c\u1ea3m h\u1ee9ng m\u1ed7i ng\u00e0y.","publisher":{"@id":"https:\/\/amibuzz.com\/vi\/#organization"},"alternateName":"AmiBuzz","potentialAction":[{"@type":"SearchAction","target":{"@type":"EntryPoint","urlTemplate":"https:\/\/amibuzz.com\/vi\/?s={search_term_string}"},"query-input":{"@type":"PropertyValueSpecification","valueRequired":true,"valueName":"search_term_string"}}],"inLanguage":"vi"},{"@type":"Organization","@id":"https:\/\/amibuzz.com\/vi\/#organization","name":"AmiBuzz","alternateName":"AmiBuzz","url":"https:\/\/amibuzz.com\/vi\/","logo":{"@type":"ImageObject","inLanguage":"vi","@id":"https:\/\/amibuzz.com\/vi\/#\/schema\/logo\/image\/","url":"https:\/\/amiguw.sgp1.digitaloceanspaces.com\/amibuzz\/2024\/10\/amibuzzlogo.png","contentUrl":"https:\/\/amiguw.sgp1.digitaloceanspaces.com\/amibuzz\/2024\/10\/amibuzzlogo.png","width":777,"height":719,"caption":"AmiBuzz"},"image":{"@id":"https:\/\/amibuzz.com\/vi\/#\/schema\/logo\/image\/"},"sameAs":["https:\/\/www.facebook.com\/amibuzzpage","https:\/\/x.com\/AmiBuzz","https:\/\/www.instagram.com\/amiguworld\/","https:\/\/www.pinterest.com\/Amiguworld\/","https:\/\/www.youtube.com\/channel\/UC3D7CcUbt_EMslqG0dEoesA"]}]}},"_links":{"self":[{"href":"https:\/\/amibuzz.com\/vi\/wp-json\/wp\/v2\/pages\/5224","targetHints":{"allow":["GET"]}}],"collection":[{"href":"https:\/\/amibuzz.com\/vi\/wp-json\/wp\/v2\/pages"}],"about":[{"href":"https:\/\/amibuzz.com\/vi\/wp-json\/wp\/v2\/types\/page"}],"author":[{"embeddable":true,"href":"https:\/\/amibuzz.com\/vi\/wp-json\/wp\/v2\/users\/2"}],"replies":[{"embeddable":true,"href":"https:\/\/amibuzz.com\/vi\/wp-json\/wp\/v2\/comments?post=5224"}],"version-history":[{"count":1,"href":"https:\/\/amibuzz.com\/vi\/wp-json\/wp\/v2\/pages\/5224\/revisions"}],"predecessor-version":[{"id":5225,"href":"https:\/\/amibuzz.com\/vi\/wp-json\/wp\/v2\/pages\/5224\/revisions\/5225"}],"wp:attachment":[{"href":"https:\/\/amibuzz.com\/vi\/wp-json\/wp\/v2\/media?parent=5224"}],"curies":[{"name":"wp","href":"https:\/\/api.w.org\/{rel}","templated":true}]}}